{"id":7,"date":"2025-06-05T23:18:54","date_gmt":"2025-06-05T20:18:54","guid":{"rendered":"http:\/\/basarchitecture.com\/?page_id=7"},"modified":"2025-11-12T09:44:58","modified_gmt":"2025-11-12T06:44:58","slug":"ana-sayfa","status":"publish","type":"page","link":"https:\/\/basarchitecture.com\/","title":{"rendered":"Ana Sayfa"},"content":{"rendered":"\t\t<div data-elementor-type=\"wp-page\" data-elementor-id=\"7\" class=\"elementor elementor-7\">\n\t\t\t\t<div class=\"elementor-element elementor-element-37ad6a6 e-con-full e-flex e-con e-parent\" data-id=\"37ad6a6\" data-element_type=\"container\" data-settings=\"{&quot;background_background&quot;:&quot;video&quot;,&quot;background_video_link&quot;:&quot;\\\/wp-content\\\/uploads\\\/2025\\\/08\\\/m1-127983-739777069.mp4&quot;,&quot;background_video_start&quot;:0,&quot;background_play_on_mobile&quot;:&quot;yes&quot;}\">\n\t\t<div class=\"elementor-background-video-container\">\n\t\t\t\t\t\t\t<video class=\"elementor-background-video-hosted\" autoplay muted playsinline loop><\/video>\n\t\t\t\t\t<\/div>\t\t<\/div>\n\t\t<div class=\"elementor-element elementor-element-4b87a61 e-con-full e-flex e-con e-parent\" data-id=\"4b87a61\" data-element_type=\"container\" data-settings=\"{&quot;background_background&quot;:&quot;classic&quot;}\">\n\t\t<div class=\"elementor-element elementor-element-4365132 e-flex e-con-boxed e-con e-child\" data-id=\"4365132\" data-element_type=\"container\">\n\t\t\t\t\t<div class=\"e-con-inner\">\n\t\t\t\t<div class=\"elementor-element elementor-element-de7428c elementor-widget elementor-widget-heading\" data-id=\"de7428c\" data-element_type=\"widget\" data-widget_type=\"heading.default\">\n\t\t\t\t<div class=\"elementor-widget-container\">\n\t\t\t\t\t<h1 class=\"elementor-heading-title elementor-size-default\">Studio<\/h1>\t\t\t\t<\/div>\n\t\t\t\t<\/div>\n\t\t\t\t\t<\/div>\n\t\t\t\t<\/div>\n\t\t\t\t<\/div>\n\t\t<div class=\"elementor-element elementor-element-c94d775 e-grid e-con-full e-con e-parent\" data-id=\"c94d775\" data-element_type=\"container\" data-settings=\"{&quot;background_background&quot;:&quot;classic&quot;,&quot;shape_divider_bottom&quot;:&quot;mountains&quot;}\">\n\t\t\t\t<div class=\"elementor-shape elementor-shape-bottom\" aria-hidden=\"true\" data-negative=\"false\">\n\t\t\t<svg xmlns=\"http:\/\/www.w3.org\/2000\/svg\" viewBox=\"0 0 1000 100\" preserveAspectRatio=\"none\">\n\t<path class=\"elementor-shape-fill\" opacity=\"0.33\" d=\"M473,67.3c-203.9,88.3-263.1-34-320.3,0C66,119.1,0,59.7,0,59.7V0h1000v59.7 c0,0-62.1,26.1-94.9,29.3c-32.8,3.3-62.8-12.3-75.8-22.1C806,49.6,745.3,8.7,694.9,4.7S492.4,59,473,67.3z\"\/>\n\t<path class=\"elementor-shape-fill\" opacity=\"0.66\" d=\"M734,67.3c-45.5,0-77.2-23.2-129.1-39.1c-28.6-8.7-150.3-10.1-254,39.1 s-91.7-34.4-149.2,0C115.7,118.3,0,39.8,0,39.8V0h1000v36.5c0,0-28.2-18.5-92.1-18.5C810.2,18.1,775.7,67.3,734,67.3z\"\/>\n\t<path class=\"elementor-shape-fill\" d=\"M766.1,28.9c-200-57.5-266,65.5-395.1,19.5C242,1.8,242,5.4,184.8,20.6C128,35.8,132.3,44.9,89.9,52.5C28.6,63.7,0,0,0,0 h1000c0,0-9.9,40.9-83.6,48.1S829.6,47,766.1,28.9z\"\/>\n<\/svg>\t\t<\/div>\n\t\t\t\t<div class=\"elementor-element elementor-element-543e0be elementor-widget elementor-widget-image\" data-id=\"543e0be\" data-element_type=\"widget\" data-widget_type=\"image.default\">\n\t\t\t\t<div class=\"elementor-widget-container\">\n\t\t\t\t\t\t\t\t\t\t\t\t\t\t\t<img fetchpriority=\"high\" decoding=\"async\" width=\"768\" height=\"432\" src=\"https:\/\/basarchitecture.com\/wp-content\/uploads\/2025\/08\/g1_3.jpg\" class=\"elementor-animation-grow attachment-large size-large wp-image-94\" alt=\"\" srcset=\"https:\/\/basarchitecture.com\/wp-content\/uploads\/2025\/08\/g1_3.jpg 768w, https:\/\/basarchitecture.com\/wp-content\/uploads\/2025\/08\/g1_3-300x169.jpg 300w\" sizes=\"(max-width: 768px) 100vw, 768px\" \/>\t\t\t\t\t\t\t\t\t\t\t\t\t\t\t<\/div>\n\t\t\t\t<\/div>\n\t\t\t\t<div class=\"elementor-element elementor-element-3c9017e elementor-widget elementor-widget-text-editor\" data-id=\"3c9017e\" data-element_type=\"widget\" data-widget_type=\"text-editor.default\">\n\t\t\t\t<div class=\"elementor-widget-container\">\n\t\t\t\t\t\t\t\t\t<p>\u00a0 \u00a0BA+rch Design, 2018&#8217;de Berk Alperen BA\u015eAR taraf\u0131ndan kurulan, s\u00fcrd\u00fcr\u00fclebilir mimari, \u015fehircilik, m\u00fchendislik ve tasar\u0131m i\u00e7in k\u00fcresel bir st\u00fcdyodur. D\u00fcnya \u00e7ap\u0131nda ofisleri bulunan uygulama, hem etnik hem de k\u00fclt\u00fcrel olarak \u00e7e\u015fitlili\u011fe sahip tek bir varl\u0131k olarak \u00e7al\u0131\u015f\u0131r ve merkezi insand\u0131r. \u00e7abalar\u0131m\u0131z. Bu sayfada Uygulama Yap\u0131m\u0131z, \u00c7e\u015fitlilik ve Kapsay\u0131c\u0131l\u0131k yakla\u015f\u0131m\u0131m\u0131z, CSER Taahh\u00fcd\u00fc ve S\u00fcrd\u00fcr\u00fclebilirlik Manifestosu, Entegre Tasar\u0131m ve Uzman ekiplerimiz hakk\u0131nda daha fazla bilgi edinebilirsiniz.<\/p>\t\t\t\t\t\t\t\t<\/div>\n\t\t\t\t<\/div>\n\t\t\t\t<\/div>\n\t\t<div class=\"elementor-element elementor-element-a2f340b e-grid e-con-full e-con e-parent\" data-id=\"a2f340b\" data-element_type=\"container\" data-settings=\"{&quot;background_background&quot;:&quot;classic&quot;,&quot;shape_divider_bottom&quot;:&quot;mountains&quot;}\">\n\t\t\t\t<div class=\"elementor-shape elementor-shape-bottom\" aria-hidden=\"true\" data-negative=\"false\">\n\t\t\t<svg xmlns=\"http:\/\/www.w3.org\/2000\/svg\" viewBox=\"0 0 1000 100\" preserveAspectRatio=\"none\">\n\t<path class=\"elementor-shape-fill\" opacity=\"0.33\" d=\"M473,67.3c-203.9,88.3-263.1-34-320.3,0C66,119.1,0,59.7,0,59.7V0h1000v59.7 c0,0-62.1,26.1-94.9,29.3c-32.8,3.3-62.8-12.3-75.8-22.1C806,49.6,745.3,8.7,694.9,4.7S492.4,59,473,67.3z\"\/>\n\t<path class=\"elementor-shape-fill\" opacity=\"0.66\" d=\"M734,67.3c-45.5,0-77.2-23.2-129.1-39.1c-28.6-8.7-150.3-10.1-254,39.1 s-91.7-34.4-149.2,0C115.7,118.3,0,39.8,0,39.8V0h1000v36.5c0,0-28.2-18.5-92.1-18.5C810.2,18.1,775.7,67.3,734,67.3z\"\/>\n\t<path class=\"elementor-shape-fill\" d=\"M766.1,28.9c-200-57.5-266,65.5-395.1,19.5C242,1.8,242,5.4,184.8,20.6C128,35.8,132.3,44.9,89.9,52.5C28.6,63.7,0,0,0,0 h1000c0,0-9.9,40.9-83.6,48.1S829.6,47,766.1,28.9z\"\/>\n<\/svg>\t\t<\/div>\n\t\t\t\t<div class=\"elementor-element elementor-element-0cea2d1 elementor-widget elementor-widget-image\" data-id=\"0cea2d1\" data-element_type=\"widget\" data-widget_type=\"image.default\">\n\t\t\t\t<div class=\"elementor-widget-container\">\n\t\t\t\t\t\t\t\t\t\t\t\t\t\t\t<img decoding=\"async\" width=\"1024\" height=\"485\" src=\"https:\/\/basarchitecture.com\/wp-content\/uploads\/2025\/11\/sosyal3-1024x485.jpg\" class=\"elementor-animation-grow attachment-large size-large wp-image-227\" alt=\"\" srcset=\"https:\/\/basarchitecture.com\/wp-content\/uploads\/2025\/11\/sosyal3-1024x485.jpg 1024w, https:\/\/basarchitecture.com\/wp-content\/uploads\/2025\/11\/sosyal3-300x142.jpg 300w, https:\/\/basarchitecture.com\/wp-content\/uploads\/2025\/11\/sosyal3-768x364.jpg 768w, https:\/\/basarchitecture.com\/wp-content\/uploads\/2025\/11\/sosyal3.jpg 1310w\" sizes=\"(max-width: 1024px) 100vw, 1024px\" \/>\t\t\t\t\t\t\t\t\t\t\t\t\t\t\t<\/div>\n\t\t\t\t<\/div>\n\t\t\t\t<div class=\"elementor-element elementor-element-63fbc19 elementor-widget elementor-widget-text-editor\" data-id=\"63fbc19\" data-element_type=\"widget\" data-widget_type=\"text-editor.default\">\n\t\t\t\t<div class=\"elementor-widget-container\">\n\t\t\t\t\t\t\t\t\t<p><span dir=\"auto\">CSER politikam\u0131z, s\u00fcrd\u00fcr\u00fclebilirlik ilkelerimizi kendi operasyonlar\u0131m\u0131za uygulayarak kal\u0131c\u0131 faydalar sa\u011flama arzusuyla \u015fekillenmektedir. Odak noktam\u0131z, i\u015f seyahatleri ve tedarik i\u00e7in karbon y\u00f6netim planlar\u0131 uygulayarak enerji t\u00fcketimini azaltmak ve hem operasyonel hem de kurumsal t\u00fcm ya\u015fam boyu karbon emisyonlar\u0131n\u0131 toplu olarak hedeflemektir. E\u011fitime ve topluma olan ba\u011fl\u0131l\u0131\u011f\u0131m\u0131z\u0131 \u00e7ok ciddiye al\u0131yor ve zaman\u0131m\u0131z\u0131, becerilerimizi ve finansal deste\u011fimizi e\u011fitim ve hay\u0131r ama\u00e7l\u0131 giri\u015fimlere yat\u0131r\u0131yoruz.\u00a0<\/span><\/p>\t\t\t\t\t\t\t\t<\/div>\n\t\t\t\t<\/div>\n\t\t\t\t<\/div>\n\t\t<div class=\"elementor-element elementor-element-900777d e-grid e-con-full e-con e-parent\" data-id=\"900777d\" data-element_type=\"container\" data-settings=\"{&quot;background_background&quot;:&quot;classic&quot;,&quot;shape_divider_bottom&quot;:&quot;mountains&quot;}\">\n\t\t\t\t<div class=\"elementor-shape elementor-shape-bottom\" aria-hidden=\"true\" data-negative=\"false\">\n\t\t\t<svg xmlns=\"http:\/\/www.w3.org\/2000\/svg\" viewBox=\"0 0 1000 100\" preserveAspectRatio=\"none\">\n\t<path class=\"elementor-shape-fill\" opacity=\"0.33\" d=\"M473,67.3c-203.9,88.3-263.1-34-320.3,0C66,119.1,0,59.7,0,59.7V0h1000v59.7 c0,0-62.1,26.1-94.9,29.3c-32.8,3.3-62.8-12.3-75.8-22.1C806,49.6,745.3,8.7,694.9,4.7S492.4,59,473,67.3z\"\/>\n\t<path class=\"elementor-shape-fill\" opacity=\"0.66\" d=\"M734,67.3c-45.5,0-77.2-23.2-129.1-39.1c-28.6-8.7-150.3-10.1-254,39.1 s-91.7-34.4-149.2,0C115.7,118.3,0,39.8,0,39.8V0h1000v36.5c0,0-28.2-18.5-92.1-18.5C810.2,18.1,775.7,67.3,734,67.3z\"\/>\n\t<path class=\"elementor-shape-fill\" d=\"M766.1,28.9c-200-57.5-266,65.5-395.1,19.5C242,1.8,242,5.4,184.8,20.6C128,35.8,132.3,44.9,89.9,52.5C28.6,63.7,0,0,0,0 h1000c0,0-9.9,40.9-83.6,48.1S829.6,47,766.1,28.9z\"\/>\n<\/svg>\t\t<\/div>\n\t\t\t\t<div class=\"elementor-element elementor-element-1f2de00 elementor-widget elementor-widget-image\" data-id=\"1f2de00\" data-element_type=\"widget\" data-widget_type=\"image.default\">\n\t\t\t\t<div class=\"elementor-widget-container\">\n\t\t\t\t\t\t\t\t\t\t\t\t\t\t\t<img decoding=\"async\" width=\"1024\" height=\"683\" src=\"https:\/\/basarchitecture.com\/wp-content\/uploads\/2025\/11\/kapsayicilik2-1024x683.jpg\" class=\"elementor-animation-grow attachment-large size-large wp-image-243\" alt=\"\" srcset=\"https:\/\/basarchitecture.com\/wp-content\/uploads\/2025\/11\/kapsayicilik2-1024x683.jpg 1024w, https:\/\/basarchitecture.com\/wp-content\/uploads\/2025\/11\/kapsayicilik2-300x200.jpg 300w, https:\/\/basarchitecture.com\/wp-content\/uploads\/2025\/11\/kapsayicilik2-768x512.jpg 768w, https:\/\/basarchitecture.com\/wp-content\/uploads\/2025\/11\/kapsayicilik2-1536x1025.jpg 1536w, https:\/\/basarchitecture.com\/wp-content\/uploads\/2025\/11\/kapsayicilik2.jpg 1920w\" sizes=\"(max-width: 1024px) 100vw, 1024px\" \/>\t\t\t\t\t\t\t\t\t\t\t\t\t\t\t<\/div>\n\t\t\t\t<\/div>\n\t\t\t\t<div class=\"elementor-element elementor-element-a16abe5 elementor-widget elementor-widget-text-editor\" data-id=\"a16abe5\" data-element_type=\"widget\" data-widget_type=\"text-editor.default\">\n\t\t\t\t<div class=\"elementor-widget-container\">\n\t\t\t\t\t\t\t\t\t<p><span dir=\"auto\">Foster + Partners, e\u015fitli\u011fe, \u00e7e\u015fitlili\u011fe ve kapsay\u0131c\u0131l\u0131\u011fa \u00f6ncelik vermeyi taahh\u00fct eder ve farkl\u0131 k\u00fclt\u00fcr ve kimliklere destek veren ve sayg\u0131 g\u00f6steren bir \u00e7al\u0131\u015fma ortam\u0131 yaratmaya \u00e7al\u0131\u015f\u0131r.<\/span><\/p><p><span dir=\"auto\">Uygulaman\u0131n her alan\u0131na kapsay\u0131c\u0131l\u0131k ve aidiyeti yerle\u015ftirmeyi ama\u00e7layan bir dizi e\u015fitlik, \u00e7e\u015fitlilik ve kapsay\u0131c\u0131l\u0131k (EDI) giri\u015fimini programl\u0131yoruz.<\/span><\/p><p><span dir=\"auto\">Bu oda\u011f\u0131 desteklemek i\u00e7in, ya\u015fanm\u0131\u015f deneyimlerden yararlanmak, kat\u0131l\u0131m\u0131, fark\u0131ndal\u0131\u011f\u0131 ve bilgi payla\u015f\u0131m\u0131n\u0131 geli\u015ftirmek amac\u0131yla bir dizi EDI \u00e7al\u0131\u015fan a\u011f\u0131 olu\u015fturduk.\u00a0<\/span><\/p>\t\t\t\t\t\t\t\t<\/div>\n\t\t\t\t<\/div>\n\t\t\t\t<\/div>\n\t\t\t\t<\/div>\n\t\t","protected":false},"excerpt":{"rendered":"<p>Studio \u00a0 \u00a0BA+rch Design, 2018&#8217;de Berk Alperen BA\u015eAR taraf\u0131ndan kurulan, s\u00fcrd\u00fcr\u00fclebilir mimari, \u015fehircilik, m\u00fchendislik ve tasar\u0131m i\u00e7in k\u00fcresel bir st\u00fcdyodur. D\u00fcnya \u00e7ap\u0131nda ofisleri bulunan uygulama, hem etnik hem de k\u00fclt\u00fcrel olarak \u00e7e\u015fitlili\u011fe sahip tek bir varl\u0131k olarak \u00e7al\u0131\u015f\u0131r ve merkezi insand\u0131r. \u00e7abalar\u0131m\u0131z. Bu sayfada Uygulama Yap\u0131m\u0131z, \u00c7e\u015fitlilik ve Kapsay\u0131c\u0131l\u0131k yakla\u015f\u0131m\u0131m\u0131z, CSER Taahh\u00fcd\u00fc ve S\u00fcrd\u00fcr\u00fclebilirlik Manifestosu, [&hellip;]<\/p>\n","protected":false},"author":1,"featured_media":0,"parent":0,"menu_order":0,"comment_status":"closed","ping_status":"closed","template":"elementor_header_footer","meta":{"footnotes":""},"class_list":["post-7","page","type-page","status-publish","hentry","entry"],"_links":{"self":[{"href":"https:\/\/basarchitecture.com\/index.php\/wp-json\/wp\/v2\/pages\/7","targetHints":{"allow":["GET"]}}],"collection":[{"href":"https:\/\/basarchitecture.com\/index.php\/wp-json\/wp\/v2\/pages"}],"about":[{"href":"https:\/\/basarchitecture.com\/index.php\/wp-json\/wp\/v2\/types\/page"}],"author":[{"embeddable":true,"href":"https:\/\/basarchitecture.com\/index.php\/wp-json\/wp\/v2\/users\/1"}],"replies":[{"embeddable":true,"href":"https:\/\/basarchitecture.com\/index.php\/wp-json\/wp\/v2\/comments?post=7"}],"version-history":[{"count":67,"href":"https:\/\/basarchitecture.com\/index.php\/wp-json\/wp\/v2\/pages\/7\/revisions"}],"predecessor-version":[{"id":246,"href":"https:\/\/basarchitecture.com\/index.php\/wp-json\/wp\/v2\/pages\/7\/revisions\/246"}],"wp:attachment":[{"href":"https:\/\/basarchitecture.com\/index.php\/wp-json\/wp\/v2\/media?parent=7"}],"curies":[{"name":"wp","href":"https:\/\/api.w.org\/{rel}","templated":true}]}}