{"id":27,"date":"2025-06-05T23:58:20","date_gmt":"2025-06-05T20:58:20","guid":{"rendered":"http:\/\/basarchitecture.com\/?page_id=27"},"modified":"2025-11-12T08:26:30","modified_gmt":"2025-11-12T05:26:30","slug":"kariyer","status":"publish","type":"page","link":"https:\/\/basarchitecture.com\/index.php\/kariyer\/","title":{"rendered":"Kariyer"},"content":{"rendered":"\t\t<div data-elementor-type=\"wp-page\" data-elementor-id=\"27\" class=\"elementor elementor-27\">\n\t\t\t\t<div class=\"elementor-element elementor-element-38679b3 e-con-full e-flex e-con e-parent\" data-id=\"38679b3\" data-element_type=\"container\" data-settings=\"{&quot;background_background&quot;:&quot;classic&quot;}\">\n\t\t\t\t<div class=\"elementor-element elementor-element-bf06803 elementor-widget elementor-widget-image\" data-id=\"bf06803\" data-element_type=\"widget\" data-widget_type=\"image.default\">\n\t\t\t\t<div class=\"elementor-widget-container\">\n\t\t\t\t\t\t\t\t\t\t\t\t\t\t\t<img fetchpriority=\"high\" decoding=\"async\" width=\"1536\" height=\"404\" src=\"https:\/\/basarchitecture.com\/wp-content\/uploads\/2025\/11\/calis-1536x404.jpg\" class=\"attachment-1536x1536 size-1536x1536 wp-image-200\" alt=\"\" srcset=\"https:\/\/basarchitecture.com\/wp-content\/uploads\/2025\/11\/calis-1536x404.jpg 1536w, https:\/\/basarchitecture.com\/wp-content\/uploads\/2025\/11\/calis-300x79.jpg 300w, https:\/\/basarchitecture.com\/wp-content\/uploads\/2025\/11\/calis-1024x269.jpg 1024w, https:\/\/basarchitecture.com\/wp-content\/uploads\/2025\/11\/calis-768x202.jpg 768w, https:\/\/basarchitecture.com\/wp-content\/uploads\/2025\/11\/calis.jpg 1901w\" sizes=\"(max-width: 1536px) 100vw, 1536px\" \/>\t\t\t\t\t\t\t\t\t\t\t\t\t\t\t<\/div>\n\t\t\t\t<\/div>\n\t\t\t\t<\/div>\n\t\t<div class=\"elementor-element elementor-element-4b6999f e-flex e-con-boxed e-con e-parent\" data-id=\"4b6999f\" data-element_type=\"container\" data-settings=\"{&quot;background_background&quot;:&quot;classic&quot;}\">\n\t\t\t\t\t<div class=\"e-con-inner\">\n\t\t\t\t<div class=\"elementor-element elementor-element-6ac763f elementor-widget elementor-widget-heading\" data-id=\"6ac763f\" data-element_type=\"widget\" data-widget_type=\"heading.default\">\n\t\t\t\t<div class=\"elementor-widget-container\">\n\t\t\t\t\t<h2 class=\"elementor-heading-title elementor-size-default\">En iyi yetenekleri bekliyoruz\n<\/h2>\t\t\t\t<\/div>\n\t\t\t\t<\/div>\n\t\t\t\t<div class=\"elementor-element elementor-element-1764fd0 elementor-widget elementor-widget-text-editor\" data-id=\"1764fd0\" data-element_type=\"widget\" data-widget_type=\"text-editor.default\">\n\t\t\t\t<div class=\"elementor-widget-container\">\n\t\t\t\t\t\t\t\t\t<p>BArch Design, yenilik\u00e7ilik ve i\u015fbirli\u011fi taraf\u0131ndan y\u00f6nlendirilen dinamik, \u00e7ok disiplinli bir firmad\u0131r. Adana, Londra, Seul ve Toronto&#8217;daki d\u00f6rt k\u00fcresel st\u00fcdyomuzda \u00e7ok \u00e7e\u015fitli roller sunuyoruz.<br class=\"wixui-rich-text__text\" \/><br class=\"wixui-rich-text__text\" \/>\u00c7al\u0131\u015fmalar\u0131m\u0131z, tasar\u0131m ve m\u00fchendisli\u011fe s\u00fcrd\u00fcr\u00fclebilir bir yakla\u015f\u0131mla desteklenmektedir. \u00c7e\u015fitlili\u011fi ve kapsay\u0131c\u0131l\u0131\u011f\u0131 desteklemeye kararl\u0131y\u0131z ve farkl\u0131 k\u00fclt\u00fcrlere duyarl\u0131 bir \u00e7al\u0131\u015fma ortam\u0131 yaratmaya \u00e7al\u0131\u015f\u0131yoruz. \u00c7e\u015fitlili\u011fe sahip ekibimizin katk\u0131lar\u0131na de\u011fer veriyoruz ve ya\u015f, engellilik, cinsiyet de\u011fi\u015fikli\u011fi, evlilik ve hemcins birlikteli\u011fi, \u0131rk, din veya inan\u00e7, cinsiyet ve cinsel y\u00f6nelim ne olursa olsun herkese e\u015fit f\u0131rsatlar sunmaktan gurur duyuyoruz.<\/p>\t\t\t\t\t\t\t\t<\/div>\n\t\t\t\t<\/div>\n\t\t\t\t\t<\/div>\n\t\t\t\t<\/div>\n\t\t<div class=\"elementor-element elementor-element-13a14e4 e-flex e-con-boxed e-con e-parent\" data-id=\"13a14e4\" data-element_type=\"container\" data-settings=\"{&quot;background_background&quot;:&quot;classic&quot;}\">\n\t\t\t\t\t<div class=\"e-con-inner\">\n\t\t\t\t<div class=\"elementor-element elementor-element-c505586 elementor-widget elementor-widget-heading\" data-id=\"c505586\" data-element_type=\"widget\" data-widget_type=\"heading.default\">\n\t\t\t\t<div class=\"elementor-widget-container\">\n\t\t\t\t\t<h2 class=\"elementor-heading-title elementor-size-default\">A\u00e7\u0131k i\u015f bulam\u0131yor musunuz?\n<\/h2>\t\t\t\t<\/div>\n\t\t\t\t<\/div>\n\t\t\t\t<div class=\"elementor-element elementor-element-8d29a6b elementor-widget elementor-widget-text-editor\" data-id=\"8d29a6b\" data-element_type=\"widget\" data-widget_type=\"text-editor.default\">\n\t\t\t\t<div class=\"elementor-widget-container\">\n\t\t\t\t\t\t\t\t\t<p>BA+rch Design, Adana, Londra, Seul ve Toronto&#8217;daki genel merkezimiz dahil olmak \u00fczere 4 \u015fehirde ofisleri ile uluslararas\u0131 bir varl\u0131\u011fa sahiptir. Bug\u00fcn sitemizde a\u00e7\u0131k bir i\u015f ilan\u0131 bulamad\u0131ysan\u0131z, bilgilerinizi ileriye d\u00f6n\u00fck olarak bize iletebilirsiniz ve ekibimizden biri sizinle ileti\u015fime ge\u00e7ecektir.<\/p>\t\t\t\t\t\t\t\t<\/div>\n\t\t\t\t<\/div>\n\t\t\t\t\t<\/div>\n\t\t\t\t<\/div>\n\t\t\t\t<\/div>\n\t\t","protected":false},"excerpt":{"rendered":"<p>En iyi yetenekleri bekliyoruz BArch Design, yenilik\u00e7ilik ve i\u015fbirli\u011fi taraf\u0131ndan y\u00f6nlendirilen dinamik, \u00e7ok disiplinli bir firmad\u0131r. Adana, Londra, Seul ve Toronto&#8217;daki d\u00f6rt k\u00fcresel st\u00fcdyomuzda \u00e7ok \u00e7e\u015fitli roller sunuyoruz. \u00c7al\u0131\u015fmalar\u0131m\u0131z, tasar\u0131m ve m\u00fchendisli\u011fe s\u00fcrd\u00fcr\u00fclebilir bir yakla\u015f\u0131mla desteklenmektedir. \u00c7e\u015fitlili\u011fi ve kapsay\u0131c\u0131l\u0131\u011f\u0131 desteklemeye kararl\u0131y\u0131z ve farkl\u0131 k\u00fclt\u00fcrlere duyarl\u0131 bir \u00e7al\u0131\u015fma ortam\u0131 yaratmaya \u00e7al\u0131\u015f\u0131yoruz. \u00c7e\u015fitlili\u011fe sahip ekibimizin katk\u0131lar\u0131na de\u011fer [&hellip;]<\/p>\n","protected":false},"author":1,"featured_media":0,"parent":0,"menu_order":0,"comment_status":"closed","ping_status":"closed","template":"elementor_header_footer","meta":{"footnotes":""},"class_list":["post-27","page","type-page","status-publish","hentry","entry"],"_links":{"self":[{"href":"https:\/\/basarchitecture.com\/index.php\/wp-json\/wp\/v2\/pages\/27","targetHints":{"allow":["GET"]}}],"collection":[{"href":"https:\/\/basarchitecture.com\/index.php\/wp-json\/wp\/v2\/pages"}],"about":[{"href":"https:\/\/basarchitecture.com\/index.php\/wp-json\/wp\/v2\/types\/page"}],"author":[{"embeddable":true,"href":"https:\/\/basarchitecture.com\/index.php\/wp-json\/wp\/v2\/users\/1"}],"replies":[{"embeddable":true,"href":"https:\/\/basarchitecture.com\/index.php\/wp-json\/wp\/v2\/comments?post=27"}],"version-history":[{"count":19,"href":"https:\/\/basarchitecture.com\/index.php\/wp-json\/wp\/v2\/pages\/27\/revisions"}],"predecessor-version":[{"id":219,"href":"https:\/\/basarchitecture.com\/index.php\/wp-json\/wp\/v2\/pages\/27\/revisions\/219"}],"wp:attachment":[{"href":"https:\/\/basarchitecture.com\/index.php\/wp-json\/wp\/v2\/media?parent=27"}],"curies":[{"name":"wp","href":"https:\/\/api.w.org\/{rel}","templated":true}]}}